{"id":273,"date":"2024-06-26T16:48:51","date_gmt":"2024-06-26T16:48:51","guid":{"rendered":"https:\/\/elisemet.fr\/?page_id=273"},"modified":"2024-12-09T14:17:07","modified_gmt":"2024-12-09T14:17:07","slug":"axis-syllabus","status":"publish","type":"page","link":"https:\/\/elisemet.fr\/?page_id=273","title":{"rendered":"Axis syllabus"},"content":{"rendered":"\t\t<div data-elementor-type=\"wp-page\" data-elementor-id=\"273\" class=\"elementor elementor-273\">\n\t\t\t\t\t\t<section class=\"elementor-section elementor-top-section elementor-element elementor-element-57938dcd elementor-section-boxed elementor-section-height-default elementor-section-height-default wpr-particle-no wpr-jarallax-no wpr-parallax-no wpr-sticky-section-no wpr-column-slider-no wpr-equal-height-no\" data-id=\"57938dcd\" data-element_type=\"section\" data-e-type=\"section\">\n\t\t\t\t\t\t<div class=\"elementor-container elementor-column-gap-default\">\n\t\t\t\t\t<div class=\"elementor-column elementor-col-100 elementor-top-column elementor-element elementor-element-22f6f375\" data-id=\"22f6f375\" data-element_type=\"column\" data-e-type=\"column\">\n\t\t\t<div class=\"elementor-widget-wrap elementor-element-populated\">\n\t\t\t\t\t\t<div class=\"elementor-element elementor-element-7e140f75 elementor-widget elementor-widget-text-editor\" data-id=\"7e140f75\" data-element_type=\"widget\" data-e-type=\"widget\" data-widget_type=\"text-editor.default\">\n\t\t\t\t<div class=\"elementor-widget-container\">\n\t\t\t\t\t\t\t\t\t<p>L&rsquo;Axis Syllabus est une approche somatique \u00e9ducative, et un syst\u00e8me de r\u00e9f\u00e9rence pour la compr\u00e9hension du mouvement humain, qui est relay\u00e9 et explor\u00e9 par un r\u00e9seau international croissant de chercheur.ses dans le milieu de la danse. Cette approche a \u00e9t\u00e9 initi\u00e9e au milieu des ann\u00e9es 90 par le danseur, p\u00e9dagogue, auteur et chor\u00e9graphe am\u00e9ricain Frey Faust.<\/p>\n<p>Cette m\u00e9thode est tr\u00e8s pragmatique, elle n\u2019est pas fond\u00e9e sur une esth\u00e9tique d\u00e9termin\u00e9e, mais sur des bases de donn\u00e9es scientifiques. Plusieurs domaines de recherche alimentent ce champ d\u2019\u00e9tude du corps humain; la biom\u00e9canique, l&rsquo;anatomie, la physique, les sciences m\u00e9dicales occidentales, la physiologie, l&rsquo;anthropologie et une vaste \u00e9tendue d\u2019exp\u00e9riences et de savoirs empiriques.<\/p>\n<p>A travers cette d\u00e9marche nous nous rendons plus adaptables \u00e0 notre environnement, nous faisons l\u2019exp\u00e9rience de voies de mouvement s\u00e9quentiel et d\u2019une distribution \u00e9quilibr\u00e9e de l\u2019effort, nous travaillons avec l&rsquo;\u00e9lasticit\u00e9 de nos tissus dans le respect des articulations et de leur int\u00e9grit\u00e9, nous apprenons \u00e0 emprunter les trajectoires en courbes et les spirales qui composent notre architecture en mouvement.<\/p>\n<p><!-- \/wp:paragraph --><\/p>\n<p><!-- wp:image {\"id\":276,\"width\":\"622px\",\"height\":\"auto\",\"sizeSlug\":\"large\",\"linkDestination\":\"none\"} --><\/p>\n<figure class=\"wp-block-image size-large is-resized\"><\/figure>\n<p><!-- \/wp:image --><\/p>\t\t\t\t\t\t\t\t<\/div>\n\t\t\t\t<\/div>\n\t\t\t\t\t<\/div>\n\t\t<\/div>\n\t\t\t\t\t<\/div>\n\t\t<\/section>\n\t\t\t\t<section class=\"elementor-section elementor-top-section elementor-element elementor-element-53cb6b4 elementor-section-content-middle elementor-section-boxed elementor-section-height-default elementor-section-height-default wpr-particle-no wpr-jarallax-no wpr-parallax-no wpr-sticky-section-no wpr-column-slider-no wpr-equal-height-no\" data-id=\"53cb6b4\" data-element_type=\"section\" data-e-type=\"section\">\n\t\t\t\t\t\t<div class=\"elementor-container elementor-column-gap-default\">\n\t\t\t\t\t<div class=\"elementor-column elementor-col-100 elementor-top-column elementor-element elementor-element-77fae45\" data-id=\"77fae45\" data-element_type=\"column\" data-e-type=\"column\">\n\t\t\t<div class=\"elementor-widget-wrap elementor-element-populated\">\n\t\t\t\t\t\t<div class=\"elementor-element elementor-element-7a9ca27 elementor-widget__width-initial elementor-widget elementor-widget-image\" data-id=\"7a9ca27\" data-element_type=\"widget\" data-e-type=\"widget\" data-widget_type=\"image.default\">\n\t\t\t\t<div class=\"elementor-widget-container\">\n\t\t\t\t\t\t\t\t\t\t\t\t\t\t\t<img fetchpriority=\"high\" decoding=\"async\" width=\"960\" height=\"626\" src=\"https:\/\/elisemet.fr\/wp-content\/uploads\/2024\/06\/axis-1024x668.png\" class=\"attachment-large size-large wp-image-276\" alt=\"\" srcset=\"https:\/\/elisemet.fr\/wp-content\/uploads\/2024\/06\/axis-1024x668.png 1024w, https:\/\/elisemet.fr\/wp-content\/uploads\/2024\/06\/axis-300x196.png 300w, https:\/\/elisemet.fr\/wp-content\/uploads\/2024\/06\/axis-768x501.png 768w, https:\/\/elisemet.fr\/wp-content\/uploads\/2024\/06\/axis-1536x1002.png 1536w, https:\/\/elisemet.fr\/wp-content\/uploads\/2024\/06\/axis-92x60.png 92w, https:\/\/elisemet.fr\/wp-content\/uploads\/2024\/06\/axis.png 1570w\" sizes=\"(max-width: 960px) 100vw, 960px\" \/>\t\t\t\t\t\t\t\t\t\t\t\t\t\t\t<\/div>\n\t\t\t\t<\/div>\n\t\t\t\t\t<\/div>\n\t\t<\/div>\n\t\t\t\t\t<\/div>\n\t\t<\/section>\n\t\t\t\t<\/div>\n\t\t","protected":false},"excerpt":{"rendered":"<p>L&rsquo;Axis Syllabus est une approche somatique \u00e9ducative, et un syst\u00e8me de r\u00e9f\u00e9rence pour la compr\u00e9hension du mouvement humain, qui est relay\u00e9 et explor\u00e9 par un r\u00e9seau international croissant de chercheur.ses dans le milieu de la danse. Cette approche a \u00e9t\u00e9 initi\u00e9e au milieu des ann\u00e9es 90 par le danseur, p\u00e9dagogue, auteur et chor\u00e9graphe am\u00e9ricain Frey Faust. Cette m\u00e9thode est tr\u00e8s pragmatique, elle n\u2019est pas fond\u00e9e sur une esth\u00e9tique d\u00e9termin\u00e9e, mais sur des bases de donn\u00e9es scientifiques. Plusieurs domaines de recherche alimentent ce champ d\u2019\u00e9tude du corps humain; la biom\u00e9canique, l&rsquo;anatomie, la physique, les sciences m\u00e9dicales occidentales, la physiologie, l&rsquo;anthropologie et une vaste \u00e9tendue d\u2019exp\u00e9riences et de savoirs empiriques. A travers cette d\u00e9marche nous nous rendons plus adaptables \u00e0 notre environnement, nous faisons l\u2019exp\u00e9rience de voies de mouvement s\u00e9quentiel et d\u2019une distribution \u00e9quilibr\u00e9e de l\u2019effort, nous travaillons avec l&rsquo;\u00e9lasticit\u00e9 de nos tissus dans le respect des articulations et de leur int\u00e9grit\u00e9, nous apprenons \u00e0 emprunter les trajectoires en courbes et les spirales qui composent notre architecture en mouvement.<\/p>\n","protected":false},"author":3,"featured_media":0,"parent":0,"menu_order":0,"comment_status":"closed","ping_status":"closed","template":"","meta":{"footnotes":""},"class_list":["post-273","page","type-page","status-publish","hentry"],"yoast_head":"<!-- This site is optimized with the Yoast SEO plugin v27.6 - https:\/\/yoast.com\/product\/yoast-seo-wordpress\/ -->\n<title>Axis syllabus - Elise Met<\/title>\n<meta name=\"robots\" content=\"index, follow, max-snippet:-1, max-image-preview:large, max-video-preview:-1\" \/>\n<link rel=\"canonical\" href=\"https:\/\/elisemet.fr\/?page_id=273\" \/>\n<meta property=\"og:locale\" content=\"fr_FR\" \/>\n<meta property=\"og:type\" content=\"article\" \/>\n<meta property=\"og:title\" content=\"Axis syllabus - Elise Met\" \/>\n<meta property=\"og:description\" content=\"L&rsquo;Axis Syllabus est une approche somatique \u00e9ducative, et un syst\u00e8me de r\u00e9f\u00e9rence pour la compr\u00e9hension du mouvement humain, qui est relay\u00e9 et explor\u00e9 par un r\u00e9seau international croissant de chercheur.ses dans le milieu de la danse. Cette approche a \u00e9t\u00e9 initi\u00e9e au milieu des ann\u00e9es 90 par le danseur, p\u00e9dagogue, auteur et chor\u00e9graphe am\u00e9ricain Frey Faust. Cette m\u00e9thode est tr\u00e8s pragmatique, elle n\u2019est pas fond\u00e9e sur une esth\u00e9tique d\u00e9termin\u00e9e, mais sur des bases de donn\u00e9es scientifiques. Plusieurs domaines de recherche alimentent ce champ d\u2019\u00e9tude du corps humain; la biom\u00e9canique, l&rsquo;anatomie, la physique, les sciences m\u00e9dicales occidentales, la physiologie, l&rsquo;anthropologie et une vaste \u00e9tendue d\u2019exp\u00e9riences et de savoirs empiriques. A travers cette d\u00e9marche nous nous rendons plus adaptables \u00e0 notre environnement, nous faisons l\u2019exp\u00e9rience de voies de mouvement s\u00e9quentiel et d\u2019une distribution \u00e9quilibr\u00e9e de l\u2019effort, nous travaillons avec l&rsquo;\u00e9lasticit\u00e9 de nos tissus dans le respect des articulations et de leur int\u00e9grit\u00e9, nous apprenons \u00e0 emprunter les trajectoires en courbes et les spirales qui composent notre architecture en mouvement.\" \/>\n<meta property=\"og:url\" content=\"https:\/\/elisemet.fr\/?page_id=273\" \/>\n<meta property=\"og:site_name\" content=\"Elise Met\" \/>\n<meta property=\"article:modified_time\" content=\"2024-12-09T14:17:07+00:00\" \/>\n<meta property=\"og:image\" content=\"https:\/\/elisemet.fr\/wp-content\/uploads\/2024\/06\/axis-1024x668.png\" \/>\n<meta name=\"twitter:card\" content=\"summary_large_image\" \/>\n<meta name=\"twitter:label1\" content=\"Dur\u00e9e de lecture estim\u00e9e\" \/>\n\t<meta name=\"twitter:data1\" content=\"1 minute\" \/>\n<script type=\"application\/ld+json\" class=\"yoast-schema-graph\">{\"@context\":\"https:\\\/\\\/schema.org\",\"@graph\":[{\"@type\":\"WebPage\",\"@id\":\"https:\\\/\\\/elisemet.fr\\\/?page_id=273\",\"url\":\"https:\\\/\\\/elisemet.fr\\\/?page_id=273\",\"name\":\"Axis syllabus - Elise Met\",\"isPartOf\":{\"@id\":\"https:\\\/\\\/elisemet.fr\\\/#website\"},\"primaryImageOfPage\":{\"@id\":\"https:\\\/\\\/elisemet.fr\\\/?page_id=273#primaryimage\"},\"image\":{\"@id\":\"https:\\\/\\\/elisemet.fr\\\/?page_id=273#primaryimage\"},\"thumbnailUrl\":\"https:\\\/\\\/elisemet.fr\\\/wp-content\\\/uploads\\\/2024\\\/06\\\/axis-1024x668.png\",\"datePublished\":\"2024-06-26T16:48:51+00:00\",\"dateModified\":\"2024-12-09T14:17:07+00:00\",\"breadcrumb\":{\"@id\":\"https:\\\/\\\/elisemet.fr\\\/?page_id=273#breadcrumb\"},\"inLanguage\":\"fr-FR\",\"potentialAction\":[{\"@type\":\"ReadAction\",\"target\":[\"https:\\\/\\\/elisemet.fr\\\/?page_id=273\"]}]},{\"@type\":\"ImageObject\",\"inLanguage\":\"fr-FR\",\"@id\":\"https:\\\/\\\/elisemet.fr\\\/?page_id=273#primaryimage\",\"url\":\"https:\\\/\\\/elisemet.fr\\\/wp-content\\\/uploads\\\/2024\\\/06\\\/axis.png\",\"contentUrl\":\"https:\\\/\\\/elisemet.fr\\\/wp-content\\\/uploads\\\/2024\\\/06\\\/axis.png\",\"width\":1570,\"height\":1024},{\"@type\":\"BreadcrumbList\",\"@id\":\"https:\\\/\\\/elisemet.fr\\\/?page_id=273#breadcrumb\",\"itemListElement\":[{\"@type\":\"ListItem\",\"position\":1,\"name\":\"Accueil\",\"item\":\"https:\\\/\\\/elisemet.fr\\\/\"},{\"@type\":\"ListItem\",\"position\":2,\"name\":\"Axis syllabus\"}]},{\"@type\":\"WebSite\",\"@id\":\"https:\\\/\\\/elisemet.fr\\\/#website\",\"url\":\"https:\\\/\\\/elisemet.fr\\\/\",\"name\":\"Elise Met\",\"description\":\"Arts du mouvement &amp; Pratiques somatiques\",\"publisher\":{\"@id\":\"https:\\\/\\\/elisemet.fr\\\/#organization\"},\"potentialAction\":[{\"@type\":\"SearchAction\",\"target\":{\"@type\":\"EntryPoint\",\"urlTemplate\":\"https:\\\/\\\/elisemet.fr\\\/?s={search_term_string}\"},\"query-input\":{\"@type\":\"PropertyValueSpecification\",\"valueRequired\":true,\"valueName\":\"search_term_string\"}}],\"inLanguage\":\"fr-FR\"},{\"@type\":\"Organization\",\"@id\":\"https:\\\/\\\/elisemet.fr\\\/#organization\",\"name\":\"Elise Met\",\"url\":\"https:\\\/\\\/elisemet.fr\\\/\",\"logo\":{\"@type\":\"ImageObject\",\"inLanguage\":\"fr-FR\",\"@id\":\"https:\\\/\\\/elisemet.fr\\\/#\\\/schema\\\/logo\\\/image\\\/\",\"url\":\"https:\\\/\\\/elisemet.fr\\\/wp-content\\\/uploads\\\/2024\\\/09\\\/Logo_EM_2-1.png\",\"contentUrl\":\"https:\\\/\\\/elisemet.fr\\\/wp-content\\\/uploads\\\/2024\\\/09\\\/Logo_EM_2-1.png\",\"width\":844,\"height\":646,\"caption\":\"Elise Met\"},\"image\":{\"@id\":\"https:\\\/\\\/elisemet.fr\\\/#\\\/schema\\\/logo\\\/image\\\/\"}}]}<\/script>\n<!-- \/ Yoast SEO plugin. -->","yoast_head_json":{"title":"Axis syllabus - Elise Met","robots":{"index":"index","follow":"follow","max-snippet":"max-snippet:-1","max-image-preview":"max-image-preview:large","max-video-preview":"max-video-preview:-1"},"canonical":"https:\/\/elisemet.fr\/?page_id=273","og_locale":"fr_FR","og_type":"article","og_title":"Axis syllabus - Elise Met","og_description":"L&rsquo;Axis Syllabus est une approche somatique \u00e9ducative, et un syst\u00e8me de r\u00e9f\u00e9rence pour la compr\u00e9hension du mouvement humain, qui est relay\u00e9 et explor\u00e9 par un r\u00e9seau international croissant de chercheur.ses dans le milieu de la danse. Cette approche a \u00e9t\u00e9 initi\u00e9e au milieu des ann\u00e9es 90 par le danseur, p\u00e9dagogue, auteur et chor\u00e9graphe am\u00e9ricain Frey Faust. Cette m\u00e9thode est tr\u00e8s pragmatique, elle n\u2019est pas fond\u00e9e sur une esth\u00e9tique d\u00e9termin\u00e9e, mais sur des bases de donn\u00e9es scientifiques. Plusieurs domaines de recherche alimentent ce champ d\u2019\u00e9tude du corps humain; la biom\u00e9canique, l&rsquo;anatomie, la physique, les sciences m\u00e9dicales occidentales, la physiologie, l&rsquo;anthropologie et une vaste \u00e9tendue d\u2019exp\u00e9riences et de savoirs empiriques. A travers cette d\u00e9marche nous nous rendons plus adaptables \u00e0 notre environnement, nous faisons l\u2019exp\u00e9rience de voies de mouvement s\u00e9quentiel et d\u2019une distribution \u00e9quilibr\u00e9e de l\u2019effort, nous travaillons avec l&rsquo;\u00e9lasticit\u00e9 de nos tissus dans le respect des articulations et de leur int\u00e9grit\u00e9, nous apprenons \u00e0 emprunter les trajectoires en courbes et les spirales qui composent notre architecture en mouvement.","og_url":"https:\/\/elisemet.fr\/?page_id=273","og_site_name":"Elise Met","article_modified_time":"2024-12-09T14:17:07+00:00","og_image":[{"url":"https:\/\/elisemet.fr\/wp-content\/uploads\/2024\/06\/axis-1024x668.png","type":"","width":"","height":""}],"twitter_card":"summary_large_image","twitter_misc":{"Dur\u00e9e de lecture estim\u00e9e":"1 minute"},"schema":{"@context":"https:\/\/schema.org","@graph":[{"@type":"WebPage","@id":"https:\/\/elisemet.fr\/?page_id=273","url":"https:\/\/elisemet.fr\/?page_id=273","name":"Axis syllabus - Elise Met","isPartOf":{"@id":"https:\/\/elisemet.fr\/#website"},"primaryImageOfPage":{"@id":"https:\/\/elisemet.fr\/?page_id=273#primaryimage"},"image":{"@id":"https:\/\/elisemet.fr\/?page_id=273#primaryimage"},"thumbnailUrl":"https:\/\/elisemet.fr\/wp-content\/uploads\/2024\/06\/axis-1024x668.png","datePublished":"2024-06-26T16:48:51+00:00","dateModified":"2024-12-09T14:17:07+00:00","breadcrumb":{"@id":"https:\/\/elisemet.fr\/?page_id=273#breadcrumb"},"inLanguage":"fr-FR","potentialAction":[{"@type":"ReadAction","target":["https:\/\/elisemet.fr\/?page_id=273"]}]},{"@type":"ImageObject","inLanguage":"fr-FR","@id":"https:\/\/elisemet.fr\/?page_id=273#primaryimage","url":"https:\/\/elisemet.fr\/wp-content\/uploads\/2024\/06\/axis.png","contentUrl":"https:\/\/elisemet.fr\/wp-content\/uploads\/2024\/06\/axis.png","width":1570,"height":1024},{"@type":"BreadcrumbList","@id":"https:\/\/elisemet.fr\/?page_id=273#breadcrumb","itemListElement":[{"@type":"ListItem","position":1,"name":"Accueil","item":"https:\/\/elisemet.fr\/"},{"@type":"ListItem","position":2,"name":"Axis syllabus"}]},{"@type":"WebSite","@id":"https:\/\/elisemet.fr\/#website","url":"https:\/\/elisemet.fr\/","name":"Elise Met","description":"Arts du mouvement &amp; Pratiques somatiques","publisher":{"@id":"https:\/\/elisemet.fr\/#organization"},"potentialAction":[{"@type":"SearchAction","target":{"@type":"EntryPoint","urlTemplate":"https:\/\/elisemet.fr\/?s={search_term_string}"},"query-input":{"@type":"PropertyValueSpecification","valueRequired":true,"valueName":"search_term_string"}}],"inLanguage":"fr-FR"},{"@type":"Organization","@id":"https:\/\/elisemet.fr\/#organization","name":"Elise Met","url":"https:\/\/elisemet.fr\/","logo":{"@type":"ImageObject","inLanguage":"fr-FR","@id":"https:\/\/elisemet.fr\/#\/schema\/logo\/image\/","url":"https:\/\/elisemet.fr\/wp-content\/uploads\/2024\/09\/Logo_EM_2-1.png","contentUrl":"https:\/\/elisemet.fr\/wp-content\/uploads\/2024\/09\/Logo_EM_2-1.png","width":844,"height":646,"caption":"Elise Met"},"image":{"@id":"https:\/\/elisemet.fr\/#\/schema\/logo\/image\/"}}]}},"acf":[],"_links":{"self":[{"href":"https:\/\/elisemet.fr\/index.php?rest_route=\/wp\/v2\/pages\/273","targetHints":{"allow":["GET"]}}],"collection":[{"href":"https:\/\/elisemet.fr\/index.php?rest_route=\/wp\/v2\/pages"}],"about":[{"href":"https:\/\/elisemet.fr\/index.php?rest_route=\/wp\/v2\/types\/page"}],"author":[{"embeddable":true,"href":"https:\/\/elisemet.fr\/index.php?rest_route=\/wp\/v2\/users\/3"}],"replies":[{"embeddable":true,"href":"https:\/\/elisemet.fr\/index.php?rest_route=%2Fwp%2Fv2%2Fcomments&post=273"}],"version-history":[{"count":17,"href":"https:\/\/elisemet.fr\/index.php?rest_route=\/wp\/v2\/pages\/273\/revisions"}],"predecessor-version":[{"id":1739,"href":"https:\/\/elisemet.fr\/index.php?rest_route=\/wp\/v2\/pages\/273\/revisions\/1739"}],"wp:attachment":[{"href":"https:\/\/elisemet.fr\/index.php?rest_route=%2Fwp%2Fv2%2Fmedia&parent=273"}],"curies":[{"name":"wp","href":"https:\/\/api.w.org\/{rel}","templated":true}]}}