{"id":229,"date":"2024-06-24T19:33:33","date_gmt":"2024-06-24T19:33:33","guid":{"rendered":"https:\/\/elisemet.fr\/?page_id=229"},"modified":"2024-12-09T14:30:47","modified_gmt":"2024-12-09T14:30:47","slug":"mouvement-authentique","status":"publish","type":"page","link":"https:\/\/elisemet.fr\/?page_id=229","title":{"rendered":"Mouvement Authentique"},"content":{"rendered":"\t\t<div data-elementor-type=\"wp-page\" data-elementor-id=\"229\" class=\"elementor elementor-229\">\n\t\t\t\t\t\t<section class=\"elementor-section elementor-top-section elementor-element elementor-element-54485185 elementor-section-boxed elementor-section-height-default elementor-section-height-default wpr-particle-no wpr-jarallax-no wpr-parallax-no wpr-sticky-section-no wpr-column-slider-no wpr-equal-height-no\" data-id=\"54485185\" data-element_type=\"section\" data-e-type=\"section\">\n\t\t\t\t\t\t<div class=\"elementor-container elementor-column-gap-default\">\n\t\t\t\t\t<div class=\"elementor-column elementor-col-100 elementor-top-column elementor-element elementor-element-368f50d8\" data-id=\"368f50d8\" data-element_type=\"column\" data-e-type=\"column\">\n\t\t\t<div class=\"elementor-widget-wrap elementor-element-populated\">\n\t\t\t\t\t\t<div class=\"elementor-element elementor-element-6dd23bd2 elementor-widget elementor-widget-text-editor\" data-id=\"6dd23bd2\" data-element_type=\"widget\" data-e-type=\"widget\" data-widget_type=\"text-editor.default\">\n\t\t\t\t<div class=\"elementor-widget-container\">\n\t\t\t\t\t\t\t\t\t<p><em>&nbsp;<\/em><em>\u00ab&nbsp;Nous devons d\u2019abord travailler dans notre corps individuel, sans chercher d\u2019\u00e9chappatoire, car ce corps est l\u2019endroit m\u00eame o\u00f9 la conscience rencontre la Mati\u00e8re.&nbsp;\u00bb<\/em> <em>Mirra Alfassa dite \u00ab\u00a0La M\u00e8re\u00a0\u00bb<\/em><\/p>\n<p><em>&nbsp;<\/em>Le Mouvement Authentique est une <b>pratique contemplative qui soutient l&rsquo;exp\u00e9rience d\u2019\u00eatre au monde dans toutes ses dimensions<\/b>&nbsp;; <b>le mouvement, la sensation, la perception, l&rsquo;\u00e9motion, les m\u00e9moires, l\u2019imaginaire, la pens\u00e9e&#8230;<\/b><br>Elle nous invite \u00e0 nous rendre pr\u00e9sent.es \u00e0 l&rsquo;exp\u00e9rience directe qui \u00e9merge de nous, \u00ab&nbsp;cr\u00e9ature&nbsp;\u00bb en mouvement. Elle permet d\u2019<b>aller vers une connaissance plus intime de soi-m\u00eame<\/b>, de <b>nous laisser voir avec plus de transparence<\/b>, dans un accueil et une ouverture \u00e0 ce qui \u00e9merge dans l\u2019instant, en pr\u00e9sence de l\u2019autre.<br>Elle inclut aussi la <b>mise en mots depuis l&rsquo;exp\u00e9rience<\/b> somatique et la place d\u2019une <b>pr\u00e9sence t\u00e9moin<\/b>, qui soutient ce qui se manifeste.<\/p>\n<p><!-- \/wp:paragraph --><\/p>\n<p><!-- wp:paragraph --><\/p>\n<p>Cette discipline a \u00e9t\u00e9 d\u00e9velopp\u00e9e par Janet Adler dans les ann\u00e9es 60 et jusqu\u2019\u00e0 aujourd\u2019hui, aux Etats-Unis. Elle s\u2019\u00e9tablie \u00e0 partir du travail de recherche artistique de Mary Starks Whitehouse, de l\u2019analyse Jungienne, et de nombreuses autres influences philosophiques, artistiques et spirituelles.<\/p>\n<p>Dans sa forme la plus simple, une personne est en mouvement les yeux ferm\u00e9s, en dirigeant son attention vers l&rsquo;int\u00e9rieur \u00e0 l&rsquo;\u00e9coute de ce qui \u00e9merge. <br>Celle-ci accueille et peut laisser s\u2019exprimer \u00e0 travers le mouvement, le repos, le souffle, le son, la large palette d\u2019\u00e9tats et de formes qui traverse son corps. <br>La personne bouge et se laisse bouger, tout en observant sa part de choix dans le d\u00e9roulement du mouvement. Elle se laisse naviguer dans une matrice d\u2019associations libres et d\u2019imagination active, qu\u2019elle observe afin de les mettre en lumi\u00e8re et de mieux les incorporer. <br>Une autre personne la regarde en t\u00e9moin, sans chercher \u00e0 analyser ni \u00e0 comprendre ce qui se manifeste; celle-ci tend vers une pr\u00e9sence bienveillante et inconditionnelle, \u00e0 l\u2019\u00e9coute de sa propre exp\u00e9rience dans l\u2019instant, la mani\u00e8re dont ses sensations, ses ressentis, son imaginaire \u00e9voluent au travers de la relation.<\/p>\n<p>Cette pratique est un <b>terrain d\u2019exploration des sources de ce qui nous met en mouvement, de nos mani\u00e8res d\u2019orienter nos sens pour soutenir l\u2019attention vers soi, et l\u2019espace relationnel<\/b>. Elle peut \u00eatre \u00e0 la fois un <b>lieu d&rsquo;\u00e9tude<\/b> et un <b>espace de transformation profonde<\/b>, soutenue par la clart\u00e9 et la simplicit\u00e9 du cadre.<\/p>\n<p><!-- \/wp:paragraph --><\/p>\n<p><!-- wp:paragraph --><\/p>\n<p>Dans cette pratique nous constituons un cercle, une matrice s\u00e9curisante, pour vivre pleinement l\u2019exp\u00e9rience, en conscience.&nbsp;<\/p>\n<p><\/p>\n<p><!-- \/wp:paragraph --><\/p>\t\t\t\t\t\t\t\t<\/div>\n\t\t\t\t<\/div>\n\t\t\t\t\t<\/div>\n\t\t<\/div>\n\t\t\t\t\t<\/div>\n\t\t<\/section>\n\t\t\t\t<section class=\"elementor-section elementor-top-section elementor-element elementor-element-483ec51 elementor-section-boxed elementor-section-height-default elementor-section-height-default wpr-particle-no wpr-jarallax-no wpr-parallax-no wpr-sticky-section-no wpr-column-slider-no wpr-equal-height-no\" data-id=\"483ec51\" data-element_type=\"section\" data-e-type=\"section\">\n\t\t\t\t\t\t<div class=\"elementor-container elementor-column-gap-default\">\n\t\t\t\t\t<div class=\"elementor-column elementor-col-33 elementor-top-column elementor-element elementor-element-be0207a\" data-id=\"be0207a\" data-element_type=\"column\" data-e-type=\"column\">\n\t\t\t<div class=\"elementor-widget-wrap\">\n\t\t\t\t\t\t\t<\/div>\n\t\t<\/div>\n\t\t\t\t<div class=\"elementor-column elementor-col-33 elementor-top-column elementor-element elementor-element-20d7c41\" data-id=\"20d7c41\" data-element_type=\"column\" data-e-type=\"column\">\n\t\t\t<div class=\"elementor-widget-wrap elementor-element-populated\">\n\t\t\t\t\t\t<div class=\"elementor-element elementor-element-211f23b elementor-widget elementor-widget-image\" data-id=\"211f23b\" data-element_type=\"widget\" data-e-type=\"widget\" data-widget_type=\"image.default\">\n\t\t\t\t<div class=\"elementor-widget-container\">\n\t\t\t\t\t\t\t\t\t\t\t\t\t\t\t<img fetchpriority=\"high\" decoding=\"async\" width=\"922\" height=\"922\" src=\"https:\/\/elisemet.fr\/wp-content\/uploads\/2024\/09\/mexique.jpg\" class=\"attachment-large size-large wp-image-1299\" alt=\"\" srcset=\"https:\/\/elisemet.fr\/wp-content\/uploads\/2024\/09\/mexique.jpg 922w, https:\/\/elisemet.fr\/wp-content\/uploads\/2024\/09\/mexique-300x300.jpg 300w, https:\/\/elisemet.fr\/wp-content\/uploads\/2024\/09\/mexique-150x150.jpg 150w, https:\/\/elisemet.fr\/wp-content\/uploads\/2024\/09\/mexique-768x768.jpg 768w, https:\/\/elisemet.fr\/wp-content\/uploads\/2024\/09\/mexique-75x75.jpg 75w\" sizes=\"(max-width: 922px) 100vw, 922px\" \/>\t\t\t\t\t\t\t\t\t\t\t\t\t\t\t<\/div>\n\t\t\t\t<\/div>\n\t\t\t\t\t<\/div>\n\t\t<\/div>\n\t\t\t\t<div class=\"elementor-column elementor-col-33 elementor-top-column elementor-element elementor-element-a2a9f2a\" data-id=\"a2a9f2a\" data-element_type=\"column\" data-e-type=\"column\">\n\t\t\t<div class=\"elementor-widget-wrap\">\n\t\t\t\t\t\t\t<\/div>\n\t\t<\/div>\n\t\t\t\t\t<\/div>\n\t\t<\/section>\n\t\t\t\t<\/div>\n\t\t","protected":false},"excerpt":{"rendered":"<p>&nbsp;\u00ab&nbsp;Nous devons d\u2019abord travailler dans notre corps individuel, sans chercher d\u2019\u00e9chappatoire, car ce corps est l\u2019endroit m\u00eame o\u00f9 la conscience rencontre la Mati\u00e8re.&nbsp;\u00bb Mirra Alfassa dite \u00ab\u00a0La M\u00e8re\u00a0\u00bb &nbsp;Le Mouvement Authentique est une pratique contemplative qui soutient l&rsquo;exp\u00e9rience d\u2019\u00eatre au monde dans toutes ses dimensions&nbsp;; le mouvement, la sensation, la perception, l&rsquo;\u00e9motion, les m\u00e9moires, l\u2019imaginaire, la pens\u00e9e&#8230;Elle nous invite \u00e0 nous rendre pr\u00e9sent.es \u00e0 l&rsquo;exp\u00e9rience directe qui \u00e9merge de nous, \u00ab&nbsp;cr\u00e9ature&nbsp;\u00bb en mouvement. Elle permet d\u2019aller vers une connaissance plus intime de soi-m\u00eame, de nous laisser voir avec plus de transparence, dans un accueil et une ouverture \u00e0 ce qui \u00e9merge dans l\u2019instant, en pr\u00e9sence de l\u2019autre.Elle inclut aussi la mise en mots depuis l&rsquo;exp\u00e9rience somatique et la place d\u2019une pr\u00e9sence t\u00e9moin, qui soutient ce qui se manifeste. Cette discipline a \u00e9t\u00e9 d\u00e9velopp\u00e9e par Janet Adler dans les ann\u00e9es 60 et jusqu\u2019\u00e0 aujourd\u2019hui, aux Etats-Unis. Elle s\u2019\u00e9tablie \u00e0 partir du travail de recherche artistique de Mary Starks Whitehouse, de l\u2019analyse Jungienne, et de nombreuses autres influences philosophiques, artistiques et spirituelles. Dans sa forme la plus simple, une personne est en mouvement les yeux ferm\u00e9s, en dirigeant son attention vers l&rsquo;int\u00e9rieur \u00e0 l&rsquo;\u00e9coute de ce qui \u00e9merge. Celle-ci accueille et peut laisser s\u2019exprimer \u00e0 travers le mouvement, le repos, le souffle, le son, la large palette d\u2019\u00e9tats et de formes qui traverse son corps. La personne bouge et se laisse bouger, tout en observant sa part de choix dans le d\u00e9roulement du mouvement. Elle se laisse naviguer dans une matrice d\u2019associations libres et d\u2019imagination active, qu\u2019elle observe afin de les mettre en lumi\u00e8re et de mieux les incorporer. Une autre personne la regarde en t\u00e9moin, sans chercher \u00e0 analyser ni \u00e0 comprendre ce qui se manifeste; celle-ci tend vers une pr\u00e9sence bienveillante et inconditionnelle, \u00e0 l\u2019\u00e9coute de sa propre exp\u00e9rience dans l\u2019instant, la mani\u00e8re dont ses sensations, ses ressentis, son imaginaire \u00e9voluent au travers de la relation. Cette pratique est un terrain d\u2019exploration des sources de ce qui nous met en mouvement, de nos mani\u00e8res d\u2019orienter nos sens pour soutenir l\u2019attention vers soi, et l\u2019espace relationnel. Elle peut \u00eatre \u00e0 la fois un lieu d&rsquo;\u00e9tude et un espace de transformation profonde, soutenue par la clart\u00e9 et la simplicit\u00e9 du cadre. Dans cette pratique nous constituons un cercle, une matrice s\u00e9curisante, pour vivre pleinement l\u2019exp\u00e9rience, en conscience.&nbsp;<\/p>\n","protected":false},"author":3,"featured_media":0,"parent":0,"menu_order":0,"comment_status":"closed","ping_status":"closed","template":"","meta":{"footnotes":""},"class_list":["post-229","page","type-page","status-publish","hentry"],"yoast_head":"<!-- This site is optimized with the Yoast SEO plugin v27.6 - https:\/\/yoast.com\/product\/yoast-seo-wordpress\/ -->\n<title>Mouvement Authentique - Elise Met<\/title>\n<meta name=\"robots\" content=\"index, follow, max-snippet:-1, max-image-preview:large, max-video-preview:-1\" \/>\n<link rel=\"canonical\" href=\"https:\/\/elisemet.fr\/?page_id=229\" \/>\n<meta property=\"og:locale\" content=\"fr_FR\" \/>\n<meta property=\"og:type\" content=\"article\" \/>\n<meta property=\"og:title\" content=\"Mouvement Authentique - Elise Met\" \/>\n<meta property=\"og:description\" content=\"&nbsp;\u00ab&nbsp;Nous devons d\u2019abord travailler dans notre corps individuel, sans chercher d\u2019\u00e9chappatoire, car ce corps est l\u2019endroit m\u00eame o\u00f9 la conscience rencontre la Mati\u00e8re.&nbsp;\u00bb Mirra Alfassa dite \u00ab\u00a0La M\u00e8re\u00a0\u00bb &nbsp;Le Mouvement Authentique est une pratique contemplative qui soutient l&rsquo;exp\u00e9rience d\u2019\u00eatre au monde dans toutes ses dimensions&nbsp;; le mouvement, la sensation, la perception, l&rsquo;\u00e9motion, les m\u00e9moires, l\u2019imaginaire, la pens\u00e9e&#8230;Elle nous invite \u00e0 nous rendre pr\u00e9sent.es \u00e0 l&rsquo;exp\u00e9rience directe qui \u00e9merge de nous, \u00ab&nbsp;cr\u00e9ature&nbsp;\u00bb en mouvement. Elle permet d\u2019aller vers une connaissance plus intime de soi-m\u00eame, de nous laisser voir avec plus de transparence, dans un accueil et une ouverture \u00e0 ce qui \u00e9merge dans l\u2019instant, en pr\u00e9sence de l\u2019autre.Elle inclut aussi la mise en mots depuis l&rsquo;exp\u00e9rience somatique et la place d\u2019une pr\u00e9sence t\u00e9moin, qui soutient ce qui se manifeste. Cette discipline a \u00e9t\u00e9 d\u00e9velopp\u00e9e par Janet Adler dans les ann\u00e9es 60 et jusqu\u2019\u00e0 aujourd\u2019hui, aux Etats-Unis. Elle s\u2019\u00e9tablie \u00e0 partir du travail de recherche artistique de Mary Starks Whitehouse, de l\u2019analyse Jungienne, et de nombreuses autres influences philosophiques, artistiques et spirituelles. Dans sa forme la plus simple, une personne est en mouvement les yeux ferm\u00e9s, en dirigeant son attention vers l&rsquo;int\u00e9rieur \u00e0 l&rsquo;\u00e9coute de ce qui \u00e9merge. Celle-ci accueille et peut laisser s\u2019exprimer \u00e0 travers le mouvement, le repos, le souffle, le son, la large palette d\u2019\u00e9tats et de formes qui traverse son corps. La personne bouge et se laisse bouger, tout en observant sa part de choix dans le d\u00e9roulement du mouvement. Elle se laisse naviguer dans une matrice d\u2019associations libres et d\u2019imagination active, qu\u2019elle observe afin de les mettre en lumi\u00e8re et de mieux les incorporer. Une autre personne la regarde en t\u00e9moin, sans chercher \u00e0 analyser ni \u00e0 comprendre ce qui se manifeste; celle-ci tend vers une pr\u00e9sence bienveillante et inconditionnelle, \u00e0 l\u2019\u00e9coute de sa propre exp\u00e9rience dans l\u2019instant, la mani\u00e8re dont ses sensations, ses ressentis, son imaginaire \u00e9voluent au travers de la relation. Cette pratique est un terrain d\u2019exploration des sources de ce qui nous met en mouvement, de nos mani\u00e8res d\u2019orienter nos sens pour soutenir l\u2019attention vers soi, et l\u2019espace relationnel. Elle peut \u00eatre \u00e0 la fois un lieu d&rsquo;\u00e9tude et un espace de transformation profonde, soutenue par la clart\u00e9 et la simplicit\u00e9 du cadre. Dans cette pratique nous constituons un cercle, une matrice s\u00e9curisante, pour vivre pleinement l\u2019exp\u00e9rience, en conscience.&nbsp;\" \/>\n<meta property=\"og:url\" content=\"https:\/\/elisemet.fr\/?page_id=229\" \/>\n<meta property=\"og:site_name\" content=\"Elise Met\" \/>\n<meta property=\"article:modified_time\" content=\"2024-12-09T14:30:47+00:00\" \/>\n<meta property=\"og:image\" content=\"https:\/\/elisemet.fr\/wp-content\/uploads\/2024\/09\/mexique.jpg\" \/>\n<meta name=\"twitter:card\" content=\"summary_large_image\" \/>\n<meta name=\"twitter:label1\" content=\"Dur\u00e9e de lecture estim\u00e9e\" \/>\n\t<meta name=\"twitter:data1\" content=\"3 minutes\" \/>\n<script type=\"application\/ld+json\" class=\"yoast-schema-graph\">{\"@context\":\"https:\\\/\\\/schema.org\",\"@graph\":[{\"@type\":\"WebPage\",\"@id\":\"https:\\\/\\\/elisemet.fr\\\/?page_id=229\",\"url\":\"https:\\\/\\\/elisemet.fr\\\/?page_id=229\",\"name\":\"Mouvement Authentique - Elise Met\",\"isPartOf\":{\"@id\":\"https:\\\/\\\/elisemet.fr\\\/#website\"},\"primaryImageOfPage\":{\"@id\":\"https:\\\/\\\/elisemet.fr\\\/?page_id=229#primaryimage\"},\"image\":{\"@id\":\"https:\\\/\\\/elisemet.fr\\\/?page_id=229#primaryimage\"},\"thumbnailUrl\":\"https:\\\/\\\/elisemet.fr\\\/wp-content\\\/uploads\\\/2024\\\/09\\\/mexique.jpg\",\"datePublished\":\"2024-06-24T19:33:33+00:00\",\"dateModified\":\"2024-12-09T14:30:47+00:00\",\"breadcrumb\":{\"@id\":\"https:\\\/\\\/elisemet.fr\\\/?page_id=229#breadcrumb\"},\"inLanguage\":\"fr-FR\",\"potentialAction\":[{\"@type\":\"ReadAction\",\"target\":[\"https:\\\/\\\/elisemet.fr\\\/?page_id=229\"]}]},{\"@type\":\"ImageObject\",\"inLanguage\":\"fr-FR\",\"@id\":\"https:\\\/\\\/elisemet.fr\\\/?page_id=229#primaryimage\",\"url\":\"https:\\\/\\\/elisemet.fr\\\/wp-content\\\/uploads\\\/2024\\\/09\\\/mexique.jpg\",\"contentUrl\":\"https:\\\/\\\/elisemet.fr\\\/wp-content\\\/uploads\\\/2024\\\/09\\\/mexique.jpg\",\"width\":922,\"height\":922},{\"@type\":\"BreadcrumbList\",\"@id\":\"https:\\\/\\\/elisemet.fr\\\/?page_id=229#breadcrumb\",\"itemListElement\":[{\"@type\":\"ListItem\",\"position\":1,\"name\":\"Accueil\",\"item\":\"https:\\\/\\\/elisemet.fr\\\/\"},{\"@type\":\"ListItem\",\"position\":2,\"name\":\"Mouvement Authentique\"}]},{\"@type\":\"WebSite\",\"@id\":\"https:\\\/\\\/elisemet.fr\\\/#website\",\"url\":\"https:\\\/\\\/elisemet.fr\\\/\",\"name\":\"Elise Met\",\"description\":\"Arts du mouvement &amp; Pratiques somatiques\",\"publisher\":{\"@id\":\"https:\\\/\\\/elisemet.fr\\\/#organization\"},\"potentialAction\":[{\"@type\":\"SearchAction\",\"target\":{\"@type\":\"EntryPoint\",\"urlTemplate\":\"https:\\\/\\\/elisemet.fr\\\/?s={search_term_string}\"},\"query-input\":{\"@type\":\"PropertyValueSpecification\",\"valueRequired\":true,\"valueName\":\"search_term_string\"}}],\"inLanguage\":\"fr-FR\"},{\"@type\":\"Organization\",\"@id\":\"https:\\\/\\\/elisemet.fr\\\/#organization\",\"name\":\"Elise Met\",\"url\":\"https:\\\/\\\/elisemet.fr\\\/\",\"logo\":{\"@type\":\"ImageObject\",\"inLanguage\":\"fr-FR\",\"@id\":\"https:\\\/\\\/elisemet.fr\\\/#\\\/schema\\\/logo\\\/image\\\/\",\"url\":\"https:\\\/\\\/elisemet.fr\\\/wp-content\\\/uploads\\\/2024\\\/09\\\/Logo_EM_2-1.png\",\"contentUrl\":\"https:\\\/\\\/elisemet.fr\\\/wp-content\\\/uploads\\\/2024\\\/09\\\/Logo_EM_2-1.png\",\"width\":844,\"height\":646,\"caption\":\"Elise Met\"},\"image\":{\"@id\":\"https:\\\/\\\/elisemet.fr\\\/#\\\/schema\\\/logo\\\/image\\\/\"}}]}<\/script>\n<!-- \/ Yoast SEO plugin. -->","yoast_head_json":{"title":"Mouvement Authentique - Elise Met","robots":{"index":"index","follow":"follow","max-snippet":"max-snippet:-1","max-image-preview":"max-image-preview:large","max-video-preview":"max-video-preview:-1"},"canonical":"https:\/\/elisemet.fr\/?page_id=229","og_locale":"fr_FR","og_type":"article","og_title":"Mouvement Authentique - Elise Met","og_description":"&nbsp;\u00ab&nbsp;Nous devons d\u2019abord travailler dans notre corps individuel, sans chercher d\u2019\u00e9chappatoire, car ce corps est l\u2019endroit m\u00eame o\u00f9 la conscience rencontre la Mati\u00e8re.&nbsp;\u00bb Mirra Alfassa dite \u00ab\u00a0La M\u00e8re\u00a0\u00bb &nbsp;Le Mouvement Authentique est une pratique contemplative qui soutient l&rsquo;exp\u00e9rience d\u2019\u00eatre au monde dans toutes ses dimensions&nbsp;; le mouvement, la sensation, la perception, l&rsquo;\u00e9motion, les m\u00e9moires, l\u2019imaginaire, la pens\u00e9e&#8230;Elle nous invite \u00e0 nous rendre pr\u00e9sent.es \u00e0 l&rsquo;exp\u00e9rience directe qui \u00e9merge de nous, \u00ab&nbsp;cr\u00e9ature&nbsp;\u00bb en mouvement. Elle permet d\u2019aller vers une connaissance plus intime de soi-m\u00eame, de nous laisser voir avec plus de transparence, dans un accueil et une ouverture \u00e0 ce qui \u00e9merge dans l\u2019instant, en pr\u00e9sence de l\u2019autre.Elle inclut aussi la mise en mots depuis l&rsquo;exp\u00e9rience somatique et la place d\u2019une pr\u00e9sence t\u00e9moin, qui soutient ce qui se manifeste. Cette discipline a \u00e9t\u00e9 d\u00e9velopp\u00e9e par Janet Adler dans les ann\u00e9es 60 et jusqu\u2019\u00e0 aujourd\u2019hui, aux Etats-Unis. Elle s\u2019\u00e9tablie \u00e0 partir du travail de recherche artistique de Mary Starks Whitehouse, de l\u2019analyse Jungienne, et de nombreuses autres influences philosophiques, artistiques et spirituelles. Dans sa forme la plus simple, une personne est en mouvement les yeux ferm\u00e9s, en dirigeant son attention vers l&rsquo;int\u00e9rieur \u00e0 l&rsquo;\u00e9coute de ce qui \u00e9merge. Celle-ci accueille et peut laisser s\u2019exprimer \u00e0 travers le mouvement, le repos, le souffle, le son, la large palette d\u2019\u00e9tats et de formes qui traverse son corps. La personne bouge et se laisse bouger, tout en observant sa part de choix dans le d\u00e9roulement du mouvement. Elle se laisse naviguer dans une matrice d\u2019associations libres et d\u2019imagination active, qu\u2019elle observe afin de les mettre en lumi\u00e8re et de mieux les incorporer. Une autre personne la regarde en t\u00e9moin, sans chercher \u00e0 analyser ni \u00e0 comprendre ce qui se manifeste; celle-ci tend vers une pr\u00e9sence bienveillante et inconditionnelle, \u00e0 l\u2019\u00e9coute de sa propre exp\u00e9rience dans l\u2019instant, la mani\u00e8re dont ses sensations, ses ressentis, son imaginaire \u00e9voluent au travers de la relation. Cette pratique est un terrain d\u2019exploration des sources de ce qui nous met en mouvement, de nos mani\u00e8res d\u2019orienter nos sens pour soutenir l\u2019attention vers soi, et l\u2019espace relationnel. Elle peut \u00eatre \u00e0 la fois un lieu d&rsquo;\u00e9tude et un espace de transformation profonde, soutenue par la clart\u00e9 et la simplicit\u00e9 du cadre. Dans cette pratique nous constituons un cercle, une matrice s\u00e9curisante, pour vivre pleinement l\u2019exp\u00e9rience, en conscience.&nbsp;","og_url":"https:\/\/elisemet.fr\/?page_id=229","og_site_name":"Elise Met","article_modified_time":"2024-12-09T14:30:47+00:00","og_image":[{"url":"https:\/\/elisemet.fr\/wp-content\/uploads\/2024\/09\/mexique.jpg","type":"","width":"","height":""}],"twitter_card":"summary_large_image","twitter_misc":{"Dur\u00e9e de lecture estim\u00e9e":"3 minutes"},"schema":{"@context":"https:\/\/schema.org","@graph":[{"@type":"WebPage","@id":"https:\/\/elisemet.fr\/?page_id=229","url":"https:\/\/elisemet.fr\/?page_id=229","name":"Mouvement Authentique - Elise Met","isPartOf":{"@id":"https:\/\/elisemet.fr\/#website"},"primaryImageOfPage":{"@id":"https:\/\/elisemet.fr\/?page_id=229#primaryimage"},"image":{"@id":"https:\/\/elisemet.fr\/?page_id=229#primaryimage"},"thumbnailUrl":"https:\/\/elisemet.fr\/wp-content\/uploads\/2024\/09\/mexique.jpg","datePublished":"2024-06-24T19:33:33+00:00","dateModified":"2024-12-09T14:30:47+00:00","breadcrumb":{"@id":"https:\/\/elisemet.fr\/?page_id=229#breadcrumb"},"inLanguage":"fr-FR","potentialAction":[{"@type":"ReadAction","target":["https:\/\/elisemet.fr\/?page_id=229"]}]},{"@type":"ImageObject","inLanguage":"fr-FR","@id":"https:\/\/elisemet.fr\/?page_id=229#primaryimage","url":"https:\/\/elisemet.fr\/wp-content\/uploads\/2024\/09\/mexique.jpg","contentUrl":"https:\/\/elisemet.fr\/wp-content\/uploads\/2024\/09\/mexique.jpg","width":922,"height":922},{"@type":"BreadcrumbList","@id":"https:\/\/elisemet.fr\/?page_id=229#breadcrumb","itemListElement":[{"@type":"ListItem","position":1,"name":"Accueil","item":"https:\/\/elisemet.fr\/"},{"@type":"ListItem","position":2,"name":"Mouvement Authentique"}]},{"@type":"WebSite","@id":"https:\/\/elisemet.fr\/#website","url":"https:\/\/elisemet.fr\/","name":"Elise Met","description":"Arts du mouvement &amp; Pratiques somatiques","publisher":{"@id":"https:\/\/elisemet.fr\/#organization"},"potentialAction":[{"@type":"SearchAction","target":{"@type":"EntryPoint","urlTemplate":"https:\/\/elisemet.fr\/?s={search_term_string}"},"query-input":{"@type":"PropertyValueSpecification","valueRequired":true,"valueName":"search_term_string"}}],"inLanguage":"fr-FR"},{"@type":"Organization","@id":"https:\/\/elisemet.fr\/#organization","name":"Elise Met","url":"https:\/\/elisemet.fr\/","logo":{"@type":"ImageObject","inLanguage":"fr-FR","@id":"https:\/\/elisemet.fr\/#\/schema\/logo\/image\/","url":"https:\/\/elisemet.fr\/wp-content\/uploads\/2024\/09\/Logo_EM_2-1.png","contentUrl":"https:\/\/elisemet.fr\/wp-content\/uploads\/2024\/09\/Logo_EM_2-1.png","width":844,"height":646,"caption":"Elise Met"},"image":{"@id":"https:\/\/elisemet.fr\/#\/schema\/logo\/image\/"}}]}},"acf":[],"_links":{"self":[{"href":"https:\/\/elisemet.fr\/index.php?rest_route=\/wp\/v2\/pages\/229","targetHints":{"allow":["GET"]}}],"collection":[{"href":"https:\/\/elisemet.fr\/index.php?rest_route=\/wp\/v2\/pages"}],"about":[{"href":"https:\/\/elisemet.fr\/index.php?rest_route=\/wp\/v2\/types\/page"}],"author":[{"embeddable":true,"href":"https:\/\/elisemet.fr\/index.php?rest_route=\/wp\/v2\/users\/3"}],"replies":[{"embeddable":true,"href":"https:\/\/elisemet.fr\/index.php?rest_route=%2Fwp%2Fv2%2Fcomments&post=229"}],"version-history":[{"count":26,"href":"https:\/\/elisemet.fr\/index.php?rest_route=\/wp\/v2\/pages\/229\/revisions"}],"predecessor-version":[{"id":1745,"href":"https:\/\/elisemet.fr\/index.php?rest_route=\/wp\/v2\/pages\/229\/revisions\/1745"}],"wp:attachment":[{"href":"https:\/\/elisemet.fr\/index.php?rest_route=%2Fwp%2Fv2%2Fmedia&parent=229"}],"curies":[{"name":"wp","href":"https:\/\/api.w.org\/{rel}","templated":true}]}}